{"id":3894,"date":"2024-06-20T12:45:30","date_gmt":"2024-06-20T12:45:30","guid":{"rendered":"https:\/\/avenuemontana.com\/?page_id=3894"},"modified":"2024-09-25T09:12:59","modified_gmt":"2024-09-25T09:12:59","slug":"impressum","status":"publish","type":"page","link":"https:\/\/avenuemontana.com\/de\/impressum","title":{"rendered":"Imprint"},"content":{"rendered":"<div data-elementor-type=\"wp-page\" data-elementor-id=\"3894\" class=\"elementor elementor-3894\" data-elementor-post-type=\"page\">\n\t\t\t\t<div class=\"elementor-element elementor-element-f4c6412 e-flex e-con-boxed wpr-particle-no wpr-jarallax-no wpr-parallax-no wpr-sticky-section-no e-con e-parent\" data-id=\"f4c6412\" data-element_type=\"container\" data-e-type=\"container\" data-settings=\"{&quot;background_background&quot;:&quot;classic&quot;}\">\n\t\t\t\t\t<div class=\"e-con-inner\">\n\t\t\t\t<div class=\"elementor-element elementor-element-52775a6 elementor-widget elementor-widget-heading\" data-id=\"52775a6\" data-element_type=\"widget\" data-e-type=\"widget\" data-widget_type=\"heading.default\">\n\t\t\t\t<div class=\"elementor-widget-container\">\n\t\t\t\t\t<h2 class=\"elementor-heading-title elementor-size-default\">Impressum<\/h2>\t\t\t\t<\/div>\n\t\t\t\t<\/div>\n\t\t\t\t\t<\/div>\n\t\t\t\t<\/div>\n\t\t<div class=\"elementor-element elementor-element-ce9eea3 e-flex e-con-boxed wpr-particle-no wpr-jarallax-no wpr-parallax-no wpr-sticky-section-no e-con e-parent\" data-id=\"ce9eea3\" data-element_type=\"container\" data-e-type=\"container\" data-settings=\"{&quot;background_background&quot;:&quot;classic&quot;}\">\n\t\t\t\t\t<div class=\"e-con-inner\">\n\t\t\t\t<div class=\"elementor-element elementor-element-9420930 elementor-widget elementor-widget-text-editor\" data-id=\"9420930\" data-element_type=\"widget\" data-e-type=\"widget\" data-widget_type=\"text-editor.default\">\n\t\t\t\t<div class=\"elementor-widget-container\">\n\t\t\t\t\t\t\t\t\t<p>Avenue Montana GmbH<br \/>Am Gaensebuehel 12A<br \/>81247 Muenchen<br \/>Germany<\/p><p>HRB: 247905<br \/>Steuer Nummer 143\/117\/01739<br \/>USt-IdNr. DE323340712<\/p><p>Gesch\u00e4ftsf\u00fchrer: J\u00fcrgen Gessler<\/p><p><span class=\"elementor-icon-list-text\">Avenue Montana Brand House L.L.C-FZ<br \/>Meydan Grandstand, 6th floor, <\/span><span class=\"elementor-icon-list-text\">Meydan Road, Nad Al Sheba, Dubai, U.A.E.<\/span><\/p>\t\t\t\t\t\t\t\t<\/div>\n\t\t\t\t<\/div>\n\t\t\t\t\t<\/div>\n\t\t\t\t<\/div>\n\t\t\t\t<\/div>","protected":false},"excerpt":{"rendered":"<p>Impressum Avenue Montana GmbHAm Gaensebuehel 12A81247 MuenchenGermany HRB: 247905Steuer Nummer 143\/117\/01739USt-IdNr. DE323340712 Gesch\u00e4ftsf\u00fchrer: J\u00fcrgen Gessler Avenue Montana Brand House L.L.C-FZMeydan Grandstand, 6th floor, Meydan Road, Nad Al Sheba, Dubai, U.A.E.<\/p>","protected":false},"author":1,"featured_media":0,"parent":0,"menu_order":0,"comment_status":"closed","ping_status":"closed","template":"","meta":{"two_page_speed":[],"footnotes":""},"class_list":["post-3894","page","type-page","status-publish","hentry"],"_links":{"self":[{"href":"https:\/\/avenuemontana.com\/de\/wp-json\/wp\/v2\/pages\/3894","targetHints":{"allow":["GET"]}}],"collection":[{"href":"https:\/\/avenuemontana.com\/de\/wp-json\/wp\/v2\/pages"}],"about":[{"href":"https:\/\/avenuemontana.com\/de\/wp-json\/wp\/v2\/types\/page"}],"author":[{"embeddable":true,"href":"https:\/\/avenuemontana.com\/de\/wp-json\/wp\/v2\/users\/1"}],"replies":[{"embeddable":true,"href":"https:\/\/avenuemontana.com\/de\/wp-json\/wp\/v2\/comments?post=3894"}],"version-history":[{"count":23,"href":"https:\/\/avenuemontana.com\/de\/wp-json\/wp\/v2\/pages\/3894\/revisions"}],"predecessor-version":[{"id":4383,"href":"https:\/\/avenuemontana.com\/de\/wp-json\/wp\/v2\/pages\/3894\/revisions\/4383"}],"wp:attachment":[{"href":"https:\/\/avenuemontana.com\/de\/wp-json\/wp\/v2\/media?parent=3894"}],"curies":[{"name":"wp","href":"https:\/\/api.w.org\/{rel}","templated":true}]}}