{"id":3893,"date":"2024-06-20T12:45:34","date_gmt":"2024-06-20T12:45:34","guid":{"rendered":"https:\/\/avenuemontana.com\/?page_id=3893"},"modified":"2024-06-21T07:19:46","modified_gmt":"2024-06-21T07:19:46","slug":"datenschutzerklaerung","status":"publish","type":"page","link":"https:\/\/avenuemontana.com\/de\/datenschutzerklaerung","title":{"rendered":"Datenschutzerkl\u00e4rung"},"content":{"rendered":"<div data-elementor-type=\"wp-page\" data-elementor-id=\"3893\" class=\"elementor elementor-3893\" data-elementor-post-type=\"page\">\n\t\t\t\t<div class=\"elementor-element elementor-element-c9d4cde e-flex e-con-boxed wpr-particle-no wpr-jarallax-no wpr-parallax-no wpr-sticky-section-no e-con e-parent\" data-id=\"c9d4cde\" data-element_type=\"container\" data-e-type=\"container\" data-settings=\"{&quot;background_background&quot;:&quot;classic&quot;}\">\n\t\t\t\t\t<div class=\"e-con-inner\">\n\t\t\t\t<div class=\"elementor-element elementor-element-743acb1 elementor-widget elementor-widget-heading\" data-id=\"743acb1\" data-element_type=\"widget\" data-e-type=\"widget\" data-widget_type=\"heading.default\">\n\t\t\t\t<div class=\"elementor-widget-container\">\n\t\t\t\t\t<h2 class=\"elementor-heading-title elementor-size-default\">Datenschutzerkl\u00e4rung<\/h2>\t\t\t\t<\/div>\n\t\t\t\t<\/div>\n\t\t\t\t\t<\/div>\n\t\t\t\t<\/div>\n\t\t<div class=\"elementor-element elementor-element-739eede e-flex e-con-boxed wpr-particle-no wpr-jarallax-no wpr-parallax-no wpr-sticky-section-no e-con e-parent\" data-id=\"739eede\" data-element_type=\"container\" data-e-type=\"container\" data-settings=\"{&quot;background_background&quot;:&quot;classic&quot;}\">\n\t\t\t\t\t<div class=\"e-con-inner\">\n\t\t\t\t<div class=\"elementor-element elementor-element-48b3742 elementor-widget elementor-widget-text-editor\" data-id=\"48b3742\" data-element_type=\"widget\" data-e-type=\"widget\" data-widget_type=\"text-editor.default\">\n\t\t\t\t<div class=\"elementor-widget-container\">\n\t\t\t\t\t\t\t\t\t<p><strong>Informationen zum Datenschutz<\/strong><\/p><p>Diese Datenschutzerkl\u00e4rung beschreibt die Verarbeitung personenbezogener Daten im Zusammenhang mit der Nutzung der Website www.webglobic.com. Sie enth\u00e4lt auch Informationen \u00fcber Ihre Rechte und dar\u00fcber, wie Sie sich an uns wenden k\u00f6nnen.<\/p><p><strong>I. Wer ist f\u00fcr die Verarbeitung personenbezogener Daten verantwortlich?<\/strong><\/p><p>Der Verantwortliche f\u00fcr diese Website und die damit verbundene Verarbeitung personenbezogener Daten ist:<br \/>WebGlobicTechnologies GmbH<br \/>Ohmstra\u00dfe 8<br \/>80802 M\u00fcnchen<\/p><p>Gesch\u00e4ftsf\u00fchrer:<br \/>Pratheek Burkhard<br \/>Dr. J\u00fcrgen Gessler<br \/>Efe Ok<\/p><p>Kontakt:<\/p><p>E-Mail: info@webglobic.de<br \/>Tel.:+49 17673593353<\/p><p>Registergericht: Amtsgericht M\u00fcnchen<br \/>Registernummer: HRB 255595<\/p><p>Wenn Sie Fragen zur Verarbeitung Ihrer pers\u00f6nlichen Daten im Rahmen dieser Website oder zum Datenschutz haben, wenden Sie sich bitte an datenschutz@webglobic.de.<\/p><p><strong>II. Welche Daten werden zu welchem Zweck verarbeitet, wenn Sie die Website besuchen?<\/strong><\/p><ol><li><strong>Verarbeitung von Daten beim Zugriff auf die Website<\/strong><\/li><\/ol><p>Beim Zugriff auf unsere Website werden automatisch folgende Informationen allgemeiner Natur (sog. Logfile-Daten) erfasst: Datum und Uhrzeit des Zugriffs; IP-Adresse; Website, von der aus auf unsere Website zugegriffen wurde; Websites, die \u00fcber unsere Website aufgerufen werden; besuchte Seite auf unserer Website; Informationen \u00fcber den verwendeten Browsertyp und die Version; Betriebssystem. Die Daten werden auch bei der Nutzung des Internets und beim Zugriff auf eine Website ben\u00f6tigt. Wir speichern die Logfile-Daten, um die Funktionsf\u00e4higkeit und Sicherheit der informationstechnischen Systeme zu gew\u00e4hrleisten. In diesen Zwecken liegt unser berechtigtes Interesse an der Speicherung der Logfile-Daten. Die Rechtsgrundlage f\u00fcr die Verarbeitung der personenbezogenen Daten ist Art. 6 Abs.. 1 Satz 1 lit. f GDPR.<\/p><ol start=\"2\"><li><strong>Verarbeitung von Daten bei Nutzung des Kontaktformulars oder bei E-Mail-Anfragen<\/strong><\/li><\/ol><p>Wenn Sie das auf unserer Website zur Verf\u00fcgung gestellte Kontaktformular nutzen oder uns eine Anfrage \u00fcber die angegebene E-Mail-Adresse zukommen lassen, erheben wir die von Ihnen angegebenen Daten, um Ihre Anfrage bearbeiten und beantworten zu k\u00f6nnen. Die Rechtsgrundlage f\u00fcr die Datenverarbeitung ist Art. 6 Abs.. 1 Satz 1 lit. f GDPR.<\/p><ol start=\"3\"><li><strong>Verarbeitung von Daten durch den Einsatz des Webanalysetools<\/strong><\/li><\/ol><p><strong>3.1 Facebook-Pixel<br \/><\/strong>Wir verwenden auf unserer Website das Facebook-Pixel, einen Webanalysedienst der Facebook Inc, 1601 S California Ave, Palo Alto, California 94304, USA. Das Facebook-Pixel verwendet sog. Tracking-Codes, Textdateien, durch die Nutzeraktionen in bestimmten Kontexten nachverfolgt werden k\u00f6nnen (z.B. ob der Newsletter abonniert wurde oder ein Produkt gekauft wurde). Ebenso kann nach dem Besuch unserer Website, wenn Sie die Facebook-Website oder andere Websites, die Facebook-Pixel verwenden, aufrufen, interessenbezogene Werbung angezeigt werden. Nach derzeitigem Kenntnisstand stellt das Facebook-Pixel eine direkte Verbindung mit dem Facebook-Server her. Dies geschieht automatisch. Durch die Einbindung des Facebook-Pixels erh\u00e4lt Facebook die Information, dass Sie auf eine unserer Anzeigen geklickt haben und auf welche Anzeige Sie geklickt haben. Des Weiteren kann Facebook dar\u00fcber informiert werden, dass Sie die entsprechende Seite unseres Internetauftritts aufgerufen haben. Es ist m\u00f6glich, dass Facebook den Besuch Ihrem Konto zuordnet, wenn Sie bei einem Facebook-Dienst registriert sind. Dies kann auch dann der Fall sein, wenn Sie nicht bei Facebook registriert sind.Rechtsgrundlage f\u00fcr den Einsatz des Facebook-Pixels ist Art. 6 Abs.. 1 Buchstabe f GDPR. Wir weisen darauf hin, dass wir keinen Einfluss auf den Inhalt, den Umfang und die Verwendung der von Facebook erhobenen Daten haben. F\u00fcr weitere Informationen in diesem Zusammenhang, insbesondere \u00fcber die Art und Weise der Datenspeicherung und -verarbeitung durch Facebook, verweisen wir auf die entsprechende Datenschutzerkl\u00e4rung von Facebook unter: https:\/\/www.facebook.com\/about\/privacy\/your-info-on-other#applications Informationen des Drittanbieters: Facebook Inc, 1601 S California Ave, Palo Alto, California94304, USA; https:\/\/www.facebook.com\/policy.php; weitere Informationen https:\/\/www.facebook.com\/help\/186325668085084, https:\/\/www.facebook.com\/about\/privacy\/your-info-on-other#applications und https:\/\/www.facebook.com\/about\/privacy\/your-info#everyoneinfo4.<\/p><p><strong>3.2 Google Analytics<br \/><\/strong>Wir verwenden auf unserer Website Google Analytics, einen Webanalysedienst der Google Ireland Limited (\u201cGoogle\u201d), Gordon House, Barrow Street, Dublin 4, Irland. Google Analytics verwendet sog. \u201cCookies\u201d, Textdateien, die auf Ihrem Ger\u00e4t gespeichert werden und die eine Analyse der Benutzung der von Ihnen besuchten Websites erm\u00f6glichen. Google Analytics kann auch so genannte Web Beacons (unsichtbare Grafiken) verwenden. Diese Web Beacons k\u00f6nnen verwendet werden, um Informationen \u00fcber den Besucherverkehr auf Websites zu sammeln. \u00dcbersetzt mit www.DeepL.com\/Translator (kostenlose Version)<\/p>\t\t\t\t\t\t\t\t<\/div>\n\t\t\t\t<\/div>\n\t\t\t\t\t<\/div>\n\t\t\t\t<\/div>\n\t\t\t\t<\/div>","protected":false},"excerpt":{"rendered":"<p>Datenschutzerkl\u00e4rung Informationen zum Datenschutz Diese Datenschutzerkl\u00e4rung beschreibt die Verarbeitung personenbezogener Daten im Zusammenhang mit der Nutzung der Website www.webglobic.com. Sie enth\u00e4lt auch Informationen \u00fcber Ihre Rechte und dar\u00fcber, wie Sie sich an uns wenden k\u00f6nnen. I. Wer ist f\u00fcr die Verarbeitung personenbezogener Daten verantwortlich? Der Verantwortliche f\u00fcr diese Website und die damit verbundene Verarbeitung personenbezogener Daten ist:WebGlobicTechnologies GmbHOhmstra\u00dfe 880802 M\u00fcnchen Gesch\u00e4ftsf\u00fchrer:Pratheek BurkhardDr. J\u00fcrgen GesslerEfe Ok Kontakt: E-Mail: info@webglobic.deTel.:+49 17673593353 Registergericht: Amtsgericht M\u00fcnchenRegisternummer: HRB 255595 Wenn Sie Fragen zur Verarbeitung Ihrer pers\u00f6nlichen Daten im Rahmen dieser Website oder zum Datenschutz haben, wenden Sie sich bitte an datenschutz@webglobic.de. II. Welche Daten werden zu welchem Zweck verarbeitet, wenn Sie die Website besuchen? Verarbeitung von Daten beim Zugriff auf die Website Beim Zugriff auf unsere Website werden automatisch folgende Informationen allgemeiner Natur (sog. Logfile-Daten) erfasst: Datum und Uhrzeit des Zugriffs; IP-Adresse; Website, von der aus auf unsere Website zugegriffen wurde; Websites, die \u00fcber unsere Website aufgerufen werden; besuchte Seite auf unserer Website; Informationen \u00fcber den verwendeten Browsertyp und die Version; Betriebssystem. Die Daten werden auch bei der Nutzung des Internets und beim Zugriff auf eine Website ben\u00f6tigt. Wir speichern die Logfile-Daten, um die Funktionsf\u00e4higkeit und Sicherheit der informationstechnischen Systeme zu gew\u00e4hrleisten. In diesen Zwecken liegt unser berechtigtes Interesse an der Speicherung der Logfile-Daten. Die Rechtsgrundlage f\u00fcr die Verarbeitung der personenbezogenen Daten ist Art. 6 Abs.. 1 Satz 1 lit. f GDPR. Verarbeitung von Daten bei Nutzung des Kontaktformulars oder bei E-Mail-Anfragen Wenn Sie das auf unserer Website zur Verf\u00fcgung gestellte Kontaktformular nutzen oder uns eine Anfrage \u00fcber die angegebene E-Mail-Adresse zukommen lassen, erheben wir die von Ihnen angegebenen Daten, um Ihre Anfrage bearbeiten und beantworten zu k\u00f6nnen. Die Rechtsgrundlage f\u00fcr die Datenverarbeitung ist Art. 6 Abs.. 1 Satz 1 lit. f GDPR. Verarbeitung von Daten durch den Einsatz des Webanalysetools 3.1 Facebook-PixelWir verwenden auf unserer Website das Facebook-Pixel, einen Webanalysedienst der Facebook Inc, 1601 S California Ave, Palo Alto, California 94304, USA. Das Facebook-Pixel verwendet sog. Tracking-Codes, Textdateien, durch die Nutzeraktionen in bestimmten Kontexten nachverfolgt werden k\u00f6nnen (z.B. ob der Newsletter abonniert wurde oder ein Produkt gekauft wurde). Ebenso kann nach dem Besuch unserer Website, wenn Sie die Facebook-Website oder andere Websites, die Facebook-Pixel verwenden, aufrufen, interessenbezogene Werbung angezeigt werden. Nach derzeitigem Kenntnisstand stellt das Facebook-Pixel eine direkte Verbindung mit dem Facebook-Server her. Dies geschieht automatisch. Durch die Einbindung des Facebook-Pixels erh\u00e4lt Facebook die Information, dass Sie auf eine unserer Anzeigen geklickt haben und auf welche Anzeige Sie geklickt haben. Des Weiteren kann Facebook dar\u00fcber informiert werden, dass Sie die entsprechende Seite unseres Internetauftritts aufgerufen haben. Es ist m\u00f6glich, dass Facebook den Besuch Ihrem Konto zuordnet, wenn Sie bei einem Facebook-Dienst registriert sind. Dies kann auch dann der Fall sein, wenn Sie nicht bei Facebook registriert sind.Rechtsgrundlage f\u00fcr den Einsatz des Facebook-Pixels ist Art. 6 Abs.. 1 Buchstabe f GDPR. Wir weisen darauf hin, dass wir keinen Einfluss auf den Inhalt, den Umfang und die Verwendung der von Facebook erhobenen Daten haben. F\u00fcr weitere Informationen in diesem Zusammenhang, insbesondere \u00fcber die Art und Weise der Datenspeicherung und -verarbeitung durch Facebook, verweisen wir auf die entsprechende Datenschutzerkl\u00e4rung von Facebook unter: https:\/\/www.facebook.com\/about\/privacy\/your-info-on-other#applications Informationen des Drittanbieters: Facebook Inc, 1601 S California Ave, Palo Alto, California94304, USA; https:\/\/www.facebook.com\/policy.php; weitere Informationen https:\/\/www.facebook.com\/help\/186325668085084, https:\/\/www.facebook.com\/about\/privacy\/your-info-on-other#applications und https:\/\/www.facebook.com\/about\/privacy\/your-info#everyoneinfo4. 3.2 Google AnalyticsWir verwenden auf unserer Website Google Analytics, einen Webanalysedienst der Google Ireland Limited (\u201cGoogle\u201d), Gordon House, Barrow Street, Dublin 4, Irland. Google Analytics verwendet sog. \u201cCookies\u201d, Textdateien, die auf Ihrem Ger\u00e4t gespeichert werden und die eine Analyse der Benutzung der von Ihnen besuchten Websites erm\u00f6glichen. Google Analytics kann auch so genannte Web Beacons (unsichtbare Grafiken) verwenden. Diese Web Beacons k\u00f6nnen verwendet werden, um Informationen \u00fcber den Besucherverkehr auf Websites zu sammeln. \u00dcbersetzt mit www.DeepL.com\/Translator (kostenlose Version)<\/p>","protected":false},"author":1,"featured_media":0,"parent":0,"menu_order":0,"comment_status":"closed","ping_status":"closed","template":"","meta":{"two_page_speed":[],"footnotes":""},"class_list":["post-3893","page","type-page","status-publish","hentry"],"_links":{"self":[{"href":"https:\/\/avenuemontana.com\/de\/wp-json\/wp\/v2\/pages\/3893","targetHints":{"allow":["GET"]}}],"collection":[{"href":"https:\/\/avenuemontana.com\/de\/wp-json\/wp\/v2\/pages"}],"about":[{"href":"https:\/\/avenuemontana.com\/de\/wp-json\/wp\/v2\/types\/page"}],"author":[{"embeddable":true,"href":"https:\/\/avenuemontana.com\/de\/wp-json\/wp\/v2\/users\/1"}],"replies":[{"embeddable":true,"href":"https:\/\/avenuemontana.com\/de\/wp-json\/wp\/v2\/comments?post=3893"}],"version-history":[{"count":16,"href":"https:\/\/avenuemontana.com\/de\/wp-json\/wp\/v2\/pages\/3893\/revisions"}],"predecessor-version":[{"id":3956,"href":"https:\/\/avenuemontana.com\/de\/wp-json\/wp\/v2\/pages\/3893\/revisions\/3956"}],"wp:attachment":[{"href":"https:\/\/avenuemontana.com\/de\/wp-json\/wp\/v2\/media?parent=3893"}],"curies":[{"name":"wp","href":"https:\/\/api.w.org\/{rel}","templated":true}]}}